{"id":32,"date":"2025-08-18T15:17:13","date_gmt":"2025-08-18T13:17:13","guid":{"rendered":"https:\/\/jpaire.hu\/?page_id=32"},"modified":"2025-09-09T15:42:24","modified_gmt":"2025-09-09T13:42:24","slug":"gurulos-asztal","status":"publish","type":"page","link":"https:\/\/jpaire.hu\/hu\/termekek\/szallito-eszkozok\/gurulos-asztal\/","title":{"rendered":"Gurul\u00f3s asztal"},"content":{"rendered":"<p>[et_pb_section fb_built=&#8221;1&#8243; _builder_version=&#8221;4.27.4&#8243; _module_preset=&#8221;default&#8221; global_colors_info=&#8221;{}&#8221;][et_pb_row _builder_version=&#8221;4.27.4&#8243; _module_preset=&#8221;default&#8221; global_colors_info=&#8221;{}&#8221;][et_pb_column type=&#8221;4_4&#8243; _builder_version=&#8221;4.27.4&#8243; _module_preset=&#8221;default&#8221; global_colors_info=&#8221;{}&#8221;][et_pb_heading title=&#8221;2400mm x 1250mm&#8221; _builder_version=&#8221;4.27.4&#8243; _module_preset=&#8221;default&#8221; title_level=&#8221;h2&#8243; title_font=&#8221;|600|||||||&#8221; title_line_height=&#8221;1.4em&#8221; global_colors_info=&#8221;{}&#8221;][\/et_pb_heading][et_pb_gallery gallery_ids=&#8221;190,191,285,193&#8243; posts_number=&#8221;99&#8243; show_title_and_caption=&#8221;off&#8221; _builder_version=&#8221;4.27.4&#8243; _module_preset=&#8221;default&#8221; hover_enabled=&#8221;0&#8243; global_colors_info=&#8221;{}&#8221; sticky_enabled=&#8221;0&#8243;][\/et_pb_gallery][\/et_pb_column][\/et_pb_row][\/et_pb_section]<\/p>\n","protected":false},"excerpt":{"rendered":"","protected":false},"author":1,"featured_media":0,"parent":30,"menu_order":0,"comment_status":"closed","ping_status":"closed","template":"","meta":{"_et_pb_use_builder":"on","_et_pb_old_content":"","_et_gb_content_width":"","footnotes":""},"class_list":["post-32","page","type-page","status-publish","hentry"],"yoast_head":"<!-- This site is optimized with the Yoast SEO plugin v27.3 - https:\/\/yoast.com\/product\/yoast-seo-wordpress\/ -->\n<title>Gurul\u00f3s asztal - jpaire.hu<\/title>\n<meta name=\"robots\" content=\"index, follow, max-snippet:-1, max-image-preview:large, max-video-preview:-1\" \/>\n<link rel=\"canonical\" href=\"https:\/\/jpaire.hu\/products\/transporting-devices\/rolling-work-table\/\" \/>\n<meta property=\"og:locale\" content=\"hu_HU\" \/>\n<meta property=\"og:type\" content=\"article\" \/>\n<meta property=\"og:title\" content=\"Gurul\u00f3s asztal - jpaire.hu\" \/>\n<meta property=\"og:url\" content=\"https:\/\/jpaire.hu\/products\/transporting-devices\/rolling-work-table\/\" \/>\n<meta property=\"og:site_name\" content=\"jpaire.hu\" \/>\n<meta property=\"article:modified_time\" content=\"2025-09-09T13:42:24+00:00\" \/>\n<meta name=\"twitter:card\" content=\"summary_large_image\" \/>\n<script type=\"application\/ld+json\" class=\"yoast-schema-graph\">{\"@context\":\"https:\\\/\\\/schema.org\",\"@graph\":[{\"@type\":\"WebPage\",\"@id\":\"https:\\\/\\\/jpaire.hu\\\/products\\\/transporting-devices\\\/rolling-work-table\\\/\",\"url\":\"https:\\\/\\\/jpaire.hu\\\/products\\\/transporting-devices\\\/rolling-work-table\\\/\",\"name\":\"Gurul\u00f3s asztal - jpaire.hu\",\"isPartOf\":{\"@id\":\"https:\\\/\\\/jpaire.hu\\\/#website\"},\"datePublished\":\"2025-08-18T13:17:13+00:00\",\"dateModified\":\"2025-09-09T13:42:24+00:00\",\"breadcrumb\":{\"@id\":\"https:\\\/\\\/jpaire.hu\\\/products\\\/transporting-devices\\\/rolling-work-table\\\/#breadcrumb\"},\"inLanguage\":\"hu\",\"potentialAction\":[{\"@type\":\"ReadAction\",\"target\":[\"https:\\\/\\\/jpaire.hu\\\/products\\\/transporting-devices\\\/rolling-work-table\\\/\"]}]},{\"@type\":\"BreadcrumbList\",\"@id\":\"https:\\\/\\\/jpaire.hu\\\/products\\\/transporting-devices\\\/rolling-work-table\\\/#breadcrumb\",\"itemListElement\":[{\"@type\":\"ListItem\",\"position\":1,\"name\":\"Home\",\"item\":\"https:\\\/\\\/jpaire.hu\\\/hu\\\/\"},{\"@type\":\"ListItem\",\"position\":2,\"name\":\"Term\u00e9kek\",\"item\":\"https:\\\/\\\/jpaire.hu\\\/hu\\\/termekek\\\/\"},{\"@type\":\"ListItem\",\"position\":3,\"name\":\"Sz\u00e1ll\u00edt\u00f3 eszk\u00f6z\u00f6k\",\"item\":\"https:\\\/\\\/jpaire.hu\\\/hu\\\/termekek\\\/szallito-eszkozok\\\/\"},{\"@type\":\"ListItem\",\"position\":4,\"name\":\"Gurul\u00f3s asztal\"}]},{\"@type\":\"WebSite\",\"@id\":\"https:\\\/\\\/jpaire.hu\\\/#website\",\"url\":\"https:\\\/\\\/jpaire.hu\\\/\",\"name\":\"jpaire.hu\",\"description\":\"\",\"publisher\":{\"@id\":\"https:\\\/\\\/jpaire.hu\\\/#organization\"},\"potentialAction\":[{\"@type\":\"SearchAction\",\"target\":{\"@type\":\"EntryPoint\",\"urlTemplate\":\"https:\\\/\\\/jpaire.hu\\\/?s={search_term_string}\"},\"query-input\":{\"@type\":\"PropertyValueSpecification\",\"valueRequired\":true,\"valueName\":\"search_term_string\"}}],\"inLanguage\":\"hu\"},{\"@type\":\"Organization\",\"@id\":\"https:\\\/\\\/jpaire.hu\\\/#organization\",\"name\":\"jpaire.hu\",\"url\":\"https:\\\/\\\/jpaire.hu\\\/\",\"logo\":{\"@type\":\"ImageObject\",\"inLanguage\":\"hu\",\"@id\":\"https:\\\/\\\/jpaire.hu\\\/#\\\/schema\\\/logo\\\/image\\\/\",\"url\":\"https:\\\/\\\/jpaire.hu\\\/wp-content\\\/uploads\\\/2025\\\/09\\\/logo.png\",\"contentUrl\":\"https:\\\/\\\/jpaire.hu\\\/wp-content\\\/uploads\\\/2025\\\/09\\\/logo.png\",\"width\":300,\"height\":61,\"caption\":\"jpaire.hu\"},\"image\":{\"@id\":\"https:\\\/\\\/jpaire.hu\\\/#\\\/schema\\\/logo\\\/image\\\/\"}}]}<\/script>\n<!-- \/ Yoast SEO plugin. -->","yoast_head_json":{"title":"Gurul\u00f3s asztal - jpaire.hu","robots":{"index":"index","follow":"follow","max-snippet":"max-snippet:-1","max-image-preview":"max-image-preview:large","max-video-preview":"max-video-preview:-1"},"canonical":"https:\/\/jpaire.hu\/products\/transporting-devices\/rolling-work-table\/","og_locale":"hu_HU","og_type":"article","og_title":"Gurul\u00f3s asztal - jpaire.hu","og_url":"https:\/\/jpaire.hu\/products\/transporting-devices\/rolling-work-table\/","og_site_name":"jpaire.hu","article_modified_time":"2025-09-09T13:42:24+00:00","twitter_card":"summary_large_image","schema":{"@context":"https:\/\/schema.org","@graph":[{"@type":"WebPage","@id":"https:\/\/jpaire.hu\/products\/transporting-devices\/rolling-work-table\/","url":"https:\/\/jpaire.hu\/products\/transporting-devices\/rolling-work-table\/","name":"Gurul\u00f3s asztal - jpaire.hu","isPartOf":{"@id":"https:\/\/jpaire.hu\/#website"},"datePublished":"2025-08-18T13:17:13+00:00","dateModified":"2025-09-09T13:42:24+00:00","breadcrumb":{"@id":"https:\/\/jpaire.hu\/products\/transporting-devices\/rolling-work-table\/#breadcrumb"},"inLanguage":"hu","potentialAction":[{"@type":"ReadAction","target":["https:\/\/jpaire.hu\/products\/transporting-devices\/rolling-work-table\/"]}]},{"@type":"BreadcrumbList","@id":"https:\/\/jpaire.hu\/products\/transporting-devices\/rolling-work-table\/#breadcrumb","itemListElement":[{"@type":"ListItem","position":1,"name":"Home","item":"https:\/\/jpaire.hu\/hu\/"},{"@type":"ListItem","position":2,"name":"Term\u00e9kek","item":"https:\/\/jpaire.hu\/hu\/termekek\/"},{"@type":"ListItem","position":3,"name":"Sz\u00e1ll\u00edt\u00f3 eszk\u00f6z\u00f6k","item":"https:\/\/jpaire.hu\/hu\/termekek\/szallito-eszkozok\/"},{"@type":"ListItem","position":4,"name":"Gurul\u00f3s asztal"}]},{"@type":"WebSite","@id":"https:\/\/jpaire.hu\/#website","url":"https:\/\/jpaire.hu\/","name":"jpaire.hu","description":"","publisher":{"@id":"https:\/\/jpaire.hu\/#organization"},"potentialAction":[{"@type":"SearchAction","target":{"@type":"EntryPoint","urlTemplate":"https:\/\/jpaire.hu\/?s={search_term_string}"},"query-input":{"@type":"PropertyValueSpecification","valueRequired":true,"valueName":"search_term_string"}}],"inLanguage":"hu"},{"@type":"Organization","@id":"https:\/\/jpaire.hu\/#organization","name":"jpaire.hu","url":"https:\/\/jpaire.hu\/","logo":{"@type":"ImageObject","inLanguage":"hu","@id":"https:\/\/jpaire.hu\/#\/schema\/logo\/image\/","url":"https:\/\/jpaire.hu\/wp-content\/uploads\/2025\/09\/logo.png","contentUrl":"https:\/\/jpaire.hu\/wp-content\/uploads\/2025\/09\/logo.png","width":300,"height":61,"caption":"jpaire.hu"},"image":{"@id":"https:\/\/jpaire.hu\/#\/schema\/logo\/image\/"}}]}},"_links":{"self":[{"href":"https:\/\/jpaire.hu\/hu\/wp-json\/wp\/v2\/pages\/32","targetHints":{"allow":["GET"]}}],"collection":[{"href":"https:\/\/jpaire.hu\/hu\/wp-json\/wp\/v2\/pages"}],"about":[{"href":"https:\/\/jpaire.hu\/hu\/wp-json\/wp\/v2\/types\/page"}],"author":[{"embeddable":true,"href":"https:\/\/jpaire.hu\/hu\/wp-json\/wp\/v2\/users\/1"}],"replies":[{"embeddable":true,"href":"https:\/\/jpaire.hu\/hu\/wp-json\/wp\/v2\/comments?post=32"}],"version-history":[{"count":4,"href":"https:\/\/jpaire.hu\/hu\/wp-json\/wp\/v2\/pages\/32\/revisions"}],"predecessor-version":[{"id":286,"href":"https:\/\/jpaire.hu\/hu\/wp-json\/wp\/v2\/pages\/32\/revisions\/286"}],"up":[{"embeddable":true,"href":"https:\/\/jpaire.hu\/hu\/wp-json\/wp\/v2\/pages\/30"}],"wp:attachment":[{"href":"https:\/\/jpaire.hu\/hu\/wp-json\/wp\/v2\/media?parent=32"}],"curies":[{"name":"wp","href":"https:\/\/api.w.org\/{rel}","templated":true}]}}