{"id":22,"date":"2025-08-18T15:16:36","date_gmt":"2025-08-18T13:16:36","guid":{"rendered":"https:\/\/jpaire.hu\/?page_id=22"},"modified":"2025-09-15T12:07:13","modified_gmt":"2025-09-15T10:07:13","slug":"karbantartasi-eszkozok","status":"publish","type":"page","link":"https:\/\/jpaire.hu\/hu\/termekek\/karbantartasi-eszkozok\/","title":{"rendered":"Karbantart\u00e1si eszk\u00f6z\u00f6k"},"content":{"rendered":"<p>[et_pb_section fb_built=&#8221;1&#8243; _builder_version=&#8221;4.27.4&#8243; _module_preset=&#8221;default&#8221; background_color=&#8221;#f4f4f4&#8243; global_colors_info=&#8221;{}&#8221;][et_pb_row column_structure=&#8221;1_3,1_3,1_3&#8243; _builder_version=&#8221;4.27.4&#8243; _module_preset=&#8221;default&#8221; global_colors_info=&#8221;{}&#8221;][et_pb_column type=&#8221;1_3&#8243; _builder_version=&#8221;4.27.4&#8243; _module_preset=&#8221;default&#8221; global_colors_info=&#8221;{}&#8221;][et_pb_blurb title=&#8221;Sz\u00e1rny megfog\u00f3 k\u00e9sz\u00fcl\u00e9k&#8221; image=&#8221;https:\/\/jpaire.hu\/wp-content\/uploads\/2025\/08\/szarny-megfogo-keszulek-3-300&#215;225.jpg&#8221; alt=&#8221;Megfog\u00f3 k\u00e9sz\u00fcl\u00e9kek&#8221; admin_label=&#8221;Sz\u00e1rny megfog\u00f3 k\u00e9sz\u00fcl\u00e9k&#8221; module_class=&#8221;banner-fooldal&#8221; _builder_version=&#8221;4.27.4&#8243; _dynamic_attributes=&#8221;link_option_url&#8221; _module_preset=&#8221;default&#8221; header_font=&#8221;|600|||||||&#8221; header_text_color=&#8221;#FFFFFF&#8221; header_line_height=&#8221;1.4em&#8221; background_color=&#8221;#0d8bd9&#8243; transform_translate_linked__hover=&#8221;off&#8221; text_orientation=&#8221;center&#8221; custom_padding=&#8221;20px|20px|20px|20px|true|true&#8221; link_option_url=&#8221;@ET-DC@eyJkeW5hbWljIjp0cnVlLCJjb250ZW50IjoicG9zdF9saW5rX3VybF9wYWdlIiwic2V0dGluZ3MiOnsicG9zdF9pZCI6IjI0In19@&#8221; global_colors_info=&#8221;{}&#8221; transform_styles__hover_enabled=&#8221;on|hover&#8221; transform_scale__hover_enabled=&#8221;on|desktop&#8221; transform_translate__hover_enabled=&#8221;on|hover&#8221; transform_rotate__hover_enabled=&#8221;on|desktop&#8221; transform_skew__hover_enabled=&#8221;on|desktop&#8221; transform_origin__hover_enabled=&#8221;on|desktop&#8221; transform_translate__hover=&#8221;0px|-10px&#8221;][\/et_pb_blurb][\/et_pb_column][et_pb_column type=&#8221;1_3&#8243; _builder_version=&#8221;4.27.4&#8243; _module_preset=&#8221;default&#8221; global_colors_info=&#8221;{}&#8221;][et_pb_blurb title=&#8221;RADOME megfog\u00f3 k\u00e9sz\u00fcl\u00e9k&#8221; image=&#8221;https:\/\/jpaire.hu\/wp-content\/uploads\/2025\/08\/radome-megfogo-keszulek-300&#215;225.jpg&#8221; alt=&#8221;RADOME megfog\u00f3 k\u00e9sz\u00fcl\u00e9k&#8221; admin_label=&#8221;RADOME megfog\u00f3 k\u00e9sz\u00fcl\u00e9k&#8221; module_class=&#8221;banner-fooldal&#8221; _builder_version=&#8221;4.27.4&#8243; _dynamic_attributes=&#8221;link_option_url&#8221; _module_preset=&#8221;default&#8221; header_font=&#8221;|600|||||||&#8221; header_text_color=&#8221;#FFFFFF&#8221; header_line_height=&#8221;1.4em&#8221; background_color=&#8221;#0d8bd9&#8243; transform_translate_linked__hover=&#8221;off&#8221; text_orientation=&#8221;center&#8221; custom_padding=&#8221;20px|20px|20px|20px|true|true&#8221; link_option_url=&#8221;@ET-DC@eyJkeW5hbWljIjp0cnVlLCJjb250ZW50IjoicG9zdF9saW5rX3VybF9wYWdlIiwic2V0dGluZ3MiOnsicG9zdF9pZCI6IjI2In19@&#8221; global_colors_info=&#8221;{}&#8221; transform_styles__hover_enabled=&#8221;on|hover&#8221; transform_scale__hover_enabled=&#8221;on|desktop&#8221; transform_translate__hover_enabled=&#8221;on|hover&#8221; transform_rotate__hover_enabled=&#8221;on|desktop&#8221; transform_skew__hover_enabled=&#8221;on|desktop&#8221; transform_origin__hover_enabled=&#8221;on|desktop&#8221; transform_translate__hover=&#8221;0px|-10px&#8221;][\/et_pb_blurb][\/et_pb_column][et_pb_column type=&#8221;1_3&#8243; _builder_version=&#8221;4.27.4&#8243; _module_preset=&#8221;default&#8221; global_colors_info=&#8221;{}&#8221;][\/et_pb_column][\/et_pb_row][\/et_pb_section]<\/p>\n","protected":false},"excerpt":{"rendered":"","protected":false},"author":1,"featured_media":0,"parent":14,"menu_order":0,"comment_status":"closed","ping_status":"closed","template":"","meta":{"_et_pb_use_builder":"on","_et_pb_old_content":"","_et_gb_content_width":"","footnotes":""},"class_list":["post-22","page","type-page","status-publish","hentry"],"yoast_head":"<!-- This site is optimized with the Yoast SEO plugin v27.3 - https:\/\/yoast.com\/product\/yoast-seo-wordpress\/ -->\n<title>Karbantart\u00e1si eszk\u00f6z\u00f6k - jpaire.hu<\/title>\n<meta name=\"robots\" content=\"index, follow, max-snippet:-1, max-image-preview:large, max-video-preview:-1\" \/>\n<link rel=\"canonical\" href=\"https:\/\/jpaire.hu\/hu\/termekek\/karbantartasi-eszkozok\/\" \/>\n<meta property=\"og:locale\" content=\"hu_HU\" \/>\n<meta property=\"og:type\" content=\"article\" \/>\n<meta property=\"og:title\" content=\"Karbantart\u00e1si eszk\u00f6z\u00f6k - jpaire.hu\" \/>\n<meta property=\"og:url\" content=\"https:\/\/jpaire.hu\/hu\/termekek\/karbantartasi-eszkozok\/\" \/>\n<meta property=\"og:site_name\" content=\"jpaire.hu\" \/>\n<meta property=\"article:modified_time\" content=\"2025-09-15T10:07:13+00:00\" \/>\n<meta name=\"twitter:card\" content=\"summary_large_image\" \/>\n<meta name=\"twitter:label1\" content=\"Becs\u00fclt olvas\u00e1si id\u0151\" \/>\n\t<meta name=\"twitter:data1\" content=\"2 perc\" \/>\n<script type=\"application\/ld+json\" class=\"yoast-schema-graph\">{\"@context\":\"https:\\\/\\\/schema.org\",\"@graph\":[{\"@type\":\"WebPage\",\"@id\":\"https:\\\/\\\/jpaire.hu\\\/hu\\\/termekek\\\/karbantartasi-eszkozok\\\/\",\"url\":\"https:\\\/\\\/jpaire.hu\\\/hu\\\/termekek\\\/karbantartasi-eszkozok\\\/\",\"name\":\"Karbantart\u00e1si eszk\u00f6z\u00f6k - jpaire.hu\",\"isPartOf\":{\"@id\":\"https:\\\/\\\/jpaire.hu\\\/#website\"},\"datePublished\":\"2025-08-18T13:16:36+00:00\",\"dateModified\":\"2025-09-15T10:07:13+00:00\",\"breadcrumb\":{\"@id\":\"https:\\\/\\\/jpaire.hu\\\/hu\\\/termekek\\\/karbantartasi-eszkozok\\\/#breadcrumb\"},\"inLanguage\":\"hu\",\"potentialAction\":[{\"@type\":\"ReadAction\",\"target\":[\"https:\\\/\\\/jpaire.hu\\\/hu\\\/termekek\\\/karbantartasi-eszkozok\\\/\"]}]},{\"@type\":\"BreadcrumbList\",\"@id\":\"https:\\\/\\\/jpaire.hu\\\/hu\\\/termekek\\\/karbantartasi-eszkozok\\\/#breadcrumb\",\"itemListElement\":[{\"@type\":\"ListItem\",\"position\":1,\"name\":\"Home\",\"item\":\"https:\\\/\\\/jpaire.hu\\\/hu\\\/\"},{\"@type\":\"ListItem\",\"position\":2,\"name\":\"Term\u00e9kek\",\"item\":\"https:\\\/\\\/jpaire.hu\\\/hu\\\/termekek\\\/\"},{\"@type\":\"ListItem\",\"position\":3,\"name\":\"Karbantart\u00e1si eszk\u00f6z\u00f6k\"}]},{\"@type\":\"WebSite\",\"@id\":\"https:\\\/\\\/jpaire.hu\\\/#website\",\"url\":\"https:\\\/\\\/jpaire.hu\\\/\",\"name\":\"jpaire.hu\",\"description\":\"\",\"publisher\":{\"@id\":\"https:\\\/\\\/jpaire.hu\\\/#organization\"},\"potentialAction\":[{\"@type\":\"SearchAction\",\"target\":{\"@type\":\"EntryPoint\",\"urlTemplate\":\"https:\\\/\\\/jpaire.hu\\\/?s={search_term_string}\"},\"query-input\":{\"@type\":\"PropertyValueSpecification\",\"valueRequired\":true,\"valueName\":\"search_term_string\"}}],\"inLanguage\":\"hu\"},{\"@type\":\"Organization\",\"@id\":\"https:\\\/\\\/jpaire.hu\\\/#organization\",\"name\":\"jpaire.hu\",\"url\":\"https:\\\/\\\/jpaire.hu\\\/\",\"logo\":{\"@type\":\"ImageObject\",\"inLanguage\":\"hu\",\"@id\":\"https:\\\/\\\/jpaire.hu\\\/#\\\/schema\\\/logo\\\/image\\\/\",\"url\":\"https:\\\/\\\/jpaire.hu\\\/wp-content\\\/uploads\\\/2025\\\/09\\\/logo.png\",\"contentUrl\":\"https:\\\/\\\/jpaire.hu\\\/wp-content\\\/uploads\\\/2025\\\/09\\\/logo.png\",\"width\":300,\"height\":61,\"caption\":\"jpaire.hu\"},\"image\":{\"@id\":\"https:\\\/\\\/jpaire.hu\\\/#\\\/schema\\\/logo\\\/image\\\/\"}}]}<\/script>\n<!-- \/ Yoast SEO plugin. -->","yoast_head_json":{"title":"Karbantart\u00e1si eszk\u00f6z\u00f6k - jpaire.hu","robots":{"index":"index","follow":"follow","max-snippet":"max-snippet:-1","max-image-preview":"max-image-preview:large","max-video-preview":"max-video-preview:-1"},"canonical":"https:\/\/jpaire.hu\/hu\/termekek\/karbantartasi-eszkozok\/","og_locale":"hu_HU","og_type":"article","og_title":"Karbantart\u00e1si eszk\u00f6z\u00f6k - jpaire.hu","og_url":"https:\/\/jpaire.hu\/hu\/termekek\/karbantartasi-eszkozok\/","og_site_name":"jpaire.hu","article_modified_time":"2025-09-15T10:07:13+00:00","twitter_card":"summary_large_image","twitter_misc":{"Becs\u00fclt olvas\u00e1si id\u0151":"2 perc"},"schema":{"@context":"https:\/\/schema.org","@graph":[{"@type":"WebPage","@id":"https:\/\/jpaire.hu\/hu\/termekek\/karbantartasi-eszkozok\/","url":"https:\/\/jpaire.hu\/hu\/termekek\/karbantartasi-eszkozok\/","name":"Karbantart\u00e1si eszk\u00f6z\u00f6k - jpaire.hu","isPartOf":{"@id":"https:\/\/jpaire.hu\/#website"},"datePublished":"2025-08-18T13:16:36+00:00","dateModified":"2025-09-15T10:07:13+00:00","breadcrumb":{"@id":"https:\/\/jpaire.hu\/hu\/termekek\/karbantartasi-eszkozok\/#breadcrumb"},"inLanguage":"hu","potentialAction":[{"@type":"ReadAction","target":["https:\/\/jpaire.hu\/hu\/termekek\/karbantartasi-eszkozok\/"]}]},{"@type":"BreadcrumbList","@id":"https:\/\/jpaire.hu\/hu\/termekek\/karbantartasi-eszkozok\/#breadcrumb","itemListElement":[{"@type":"ListItem","position":1,"name":"Home","item":"https:\/\/jpaire.hu\/hu\/"},{"@type":"ListItem","position":2,"name":"Term\u00e9kek","item":"https:\/\/jpaire.hu\/hu\/termekek\/"},{"@type":"ListItem","position":3,"name":"Karbantart\u00e1si eszk\u00f6z\u00f6k"}]},{"@type":"WebSite","@id":"https:\/\/jpaire.hu\/#website","url":"https:\/\/jpaire.hu\/","name":"jpaire.hu","description":"","publisher":{"@id":"https:\/\/jpaire.hu\/#organization"},"potentialAction":[{"@type":"SearchAction","target":{"@type":"EntryPoint","urlTemplate":"https:\/\/jpaire.hu\/?s={search_term_string}"},"query-input":{"@type":"PropertyValueSpecification","valueRequired":true,"valueName":"search_term_string"}}],"inLanguage":"hu"},{"@type":"Organization","@id":"https:\/\/jpaire.hu\/#organization","name":"jpaire.hu","url":"https:\/\/jpaire.hu\/","logo":{"@type":"ImageObject","inLanguage":"hu","@id":"https:\/\/jpaire.hu\/#\/schema\/logo\/image\/","url":"https:\/\/jpaire.hu\/wp-content\/uploads\/2025\/09\/logo.png","contentUrl":"https:\/\/jpaire.hu\/wp-content\/uploads\/2025\/09\/logo.png","width":300,"height":61,"caption":"jpaire.hu"},"image":{"@id":"https:\/\/jpaire.hu\/#\/schema\/logo\/image\/"}}]}},"_links":{"self":[{"href":"https:\/\/jpaire.hu\/hu\/wp-json\/wp\/v2\/pages\/22","targetHints":{"allow":["GET"]}}],"collection":[{"href":"https:\/\/jpaire.hu\/hu\/wp-json\/wp\/v2\/pages"}],"about":[{"href":"https:\/\/jpaire.hu\/hu\/wp-json\/wp\/v2\/types\/page"}],"author":[{"embeddable":true,"href":"https:\/\/jpaire.hu\/hu\/wp-json\/wp\/v2\/users\/1"}],"replies":[{"embeddable":true,"href":"https:\/\/jpaire.hu\/hu\/wp-json\/wp\/v2\/comments?post=22"}],"version-history":[{"count":4,"href":"https:\/\/jpaire.hu\/hu\/wp-json\/wp\/v2\/pages\/22\/revisions"}],"predecessor-version":[{"id":362,"href":"https:\/\/jpaire.hu\/hu\/wp-json\/wp\/v2\/pages\/22\/revisions\/362"}],"up":[{"embeddable":true,"href":"https:\/\/jpaire.hu\/hu\/wp-json\/wp\/v2\/pages\/14"}],"wp:attachment":[{"href":"https:\/\/jpaire.hu\/hu\/wp-json\/wp\/v2\/media?parent=22"}],"curies":[{"name":"wp","href":"https:\/\/api.w.org\/{rel}","templated":true}]}}